{"id":21,"date":"2022-08-05T10:17:16","date_gmt":"2022-08-05T08:17:16","guid":{"rendered":"https:\/\/sarra-h-dev.teledetection.fr\/?page_id=21"},"modified":"2024-02-05T16:45:25","modified_gmt":"2024-02-05T15:45:25","slug":"projets","status":"publish","type":"page","link":"https:\/\/sarra-h.teledetection.fr\/?page_id=21","title":{"rendered":"Projets"},"content":{"rendered":"\n<p>Cette page liste l&rsquo;ensemble des projets dans lesquels l&rsquo;UMR T\u00e9tis a \u00e9t\u00e9 impliqu\u00e9e pour son expertise en lien aux mod\u00e8les SARRA.<\/p>\n\n\n\n<div id=\"ez-toc-container\" class=\"ez-toc-v2_0_75 counter-hierarchy ez-toc-counter ez-toc-grey ez-toc-container-direction\">\n<div class=\"ez-toc-title-container\">\n<p class=\"ez-toc-title\" style=\"cursor:inherit\">Table of Contents<\/p>\n<span class=\"ez-toc-title-toggle\"><a href=\"#\" class=\"ez-toc-pull-right ez-toc-btn ez-toc-btn-xs ez-toc-btn-default ez-toc-toggle\" aria-label=\"Toggle Table of Content\"><span class=\"ez-toc-js-icon-con\"><span class=\"\"><span class=\"eztoc-hide\" style=\"display:none;\">Toggle<\/span><span class=\"ez-toc-icon-toggle-span\"><svg style=\"fill: #999;color:#999\" xmlns=\"http:\/\/www.w3.org\/2000\/svg\" class=\"list-377408\" width=\"20px\" height=\"20px\" viewBox=\"0 0 24 24\" fill=\"none\"><path d=\"M6 6H4v2h2V6zm14 0H8v2h12V6zM4 11h2v2H4v-2zm16 0H8v2h12v-2zM4 16h2v2H4v-2zm16 0H8v2h12v-2z\" fill=\"currentColor\"><\/path><\/svg><svg style=\"fill: #999;color:#999\" class=\"arrow-unsorted-368013\" xmlns=\"http:\/\/www.w3.org\/2000\/svg\" width=\"10px\" height=\"10px\" viewBox=\"0 0 24 24\" version=\"1.2\" baseProfile=\"tiny\"><path d=\"M18.2 9.3l-6.2-6.3-6.2 6.3c-.2.2-.3.4-.3.7s.1.5.3.7c.2.2.4.3.7.3h11c.3 0 .5-.1.7-.3.2-.2.3-.5.3-.7s-.1-.5-.3-.7zM5.8 14.7l6.2 6.3 6.2-6.3c.2-.2.3-.5.3-.7s-.1-.5-.3-.7c-.2-.2-.4-.3-.7-.3h-11c-.3 0-.5.1-.7.3-.2.2-.3.5-.3.7s.1.5.3.7z\"\/><\/svg><\/span><\/span><\/span><\/a><\/span><\/div>\n<nav><ul class='ez-toc-list ez-toc-list-level-1 ' ><li class='ez-toc-page-1 ez-toc-heading-level-2'><a class=\"ez-toc-link ez-toc-heading-1\" href=\"https:\/\/sarra-h.teledetection.fr\/?page_id=21\/#Thematique_1_Suivi_des_cultures_et_prevision_des_rendements\" >Th\u00e9matique 1 : Suivi des cultures et pr\u00e9vision des rendements<\/a><\/li><li class='ez-toc-page-1 ez-toc-heading-level-2'><a class=\"ez-toc-link ez-toc-heading-2\" href=\"https:\/\/sarra-h.teledetection.fr\/?page_id=21\/#Thematique_2_impact_de_la_variabilite_et_du_changement_climatiques\" >Th\u00e9matique 2 : impact de la variabilit\u00e9 et du changement climatiques<\/a><\/li><\/ul><\/nav><\/div>\n<h2 class=\"wp-block-heading\"><span class=\"ez-toc-section\" id=\"Thematique_1_Suivi_des_cultures_et_prevision_des_rendements\"><\/span>Th\u00e9matique 1 : Suivi des cultures et pr\u00e9vision des rendements<span class=\"ez-toc-section-end\"><\/span><\/h2>\n\n\n\n<p>Probl\u00e9matique : Suivre l&rsquo;\u00e9tat des cultures et am\u00e9liorer les syst\u00e8mes de pr\u00e9visions des rendements<\/p>\n\n\n\n<ul class=\"wp-block-list\">\n<li><strong><a href=\"https:\/\/www.diplomatie.gouv.fr\/fr\/politique-etrangere-de-la-france\/diplomatie-scientifique-et-universitaire\/veille-scientifique-et-technologique\/bresil\/article\/un-projet-capes-cofecub-contribue-a-l-augmentation-des-zones-utilisant-un\">CAPES-COFECUB GeoABC<\/a><\/strong> (2015-2019) : M\u00e9thodes et innovations technologiques pour le suivi de syst\u00e8mes agricoles bas-carbone en appui au programme ABC, Br\u00e9sil<\/li>\n\n\n\n<li><strong>CNES TOSCA OPUS4AGRI<\/strong> (2018-2019) : OP\u00e9rationnaliser l&rsquo;Utilisation de donn\u00e9es Satellitaires pour le suivi de l&rsquo;Agriculture, Afrique de l&rsquo;Ouest, <\/li>\n\n\n\n<li><strong><a href=\"https:\/\/climateservices.it\/progetto\/pacc\/\" data-type=\"link\" data-id=\"https:\/\/climateservices.it\/progetto\/pacc\/\">Projet PACC RRC<\/a> et <a href=\"https:\/\/www.crews-initiative.org\/fr\" data-type=\"link\" data-id=\"https:\/\/www.crews-initiative.org\/fr\">projet CREWS<\/a> : <\/strong>Ateliers de formations sur le logiciel SARRA-H et sa version spatialis\u00e9e SARRA-O pour les services m\u00e9t\u00e9orologiques de 15 pays en Afrique de l&rsquo;Ouest. Cirad et AGRHYMET : ateliers du 06 au 10 Novembre 2018 (Niamey, Niger), du 12 au 23 Novembre 2018 (Ouagadougou, Burkina Faso).<\/li>\n\n\n\n<li><strong><a href=\"https:\/\/cordis.europa.eu\/project\/id\/603719\">FP7 SIGMA<\/a><\/strong> (2014-2016) : Stimulating Innovation for Global Monitoring of Agriculture and its impact on the environment in support of GEOGLAM<\/li>\n\n\n\n<li><strong>OMM, AGRHYMET, CIRAD <\/strong>: ateliers de formation sur le logiciel SARRA-H de suivi de l\u2019\u00e9tat des cultures et de pr\u00e9vision des rendements pour les services m\u00e9t\u00e9orologiques de 17 pays en Afrique de l&rsquo;Ouest. Ateliers du 28 Octobre au 1er Novembre 2013 (Niamey, Niger), du 24 au 28 F\u00e9vrier 2014 (Banjul, Gambie) et du 17 au 21 Mars 2014 (Abidjan, R\u00e9publique de C\u00f4te d&rsquo;Ivoire).<\/li>\n\n\n\n<li><strong>CNES TOSCA<\/strong> (2013-2014) : Analyse de s\u00e9ries temporelles d\u2019images de t\u00e9l\u00e9d\u00e9tection pour une meilleure compr\u00e9hension de la dynamique de la production agricole en zone sub-saharienne, <\/li>\n\n\n\n<li><strong><a href=\"https:\/\/anr.fr\/Projet-ANR-08-VULN-0008\" data-type=\"link\" data-id=\"https:\/\/anr.fr\/Projet-ANR-08-VULN-0008\">ANR Picrevat<\/a><\/strong> (2009-2012) : Pr\u00e9visibilit\u00e9 de l\u2019Information Climatique pour la REduction de la vuln\u00e9rabilit\u00e9 de l\u2019Agriculture Tropicale<\/li>\n\n\n\n<li><strong>Contrat sp\u00e9cifique de collaboration de recherche Cirad\/AGRHYMET<\/strong> : am\u00e9lioration du syst\u00e8me d&rsquo;alerte pr\u00e9coce diffus\u00e9 par AGRHYMET en Afrique de l&rsquo;Ouest aux pays du CILSS et \u00e0 terme de la CEDEAO<\/li>\n<\/ul>\n\n\n\n<h2 class=\"wp-block-heading\"><span class=\"ez-toc-section\" id=\"Thematique_2_impact_de_la_variabilite_et_du_changement_climatiques\"><\/span>Th\u00e9matique 2 : impact de la variabilit\u00e9 et du changement climatiques<span class=\"ez-toc-section-end\"><\/span><\/h2>\n\n\n\n<p>Probl\u00e9matique : Quantifier les impacts de la variabilit\u00e9 et du changement climatique sur les cultures, notamment les c\u00e9r\u00e9ales s\u00e8ches tropicales<\/p>\n\n\n\n<ul class=\"wp-block-list\">\n<li>CNES TOSCA INTEN-SAHEL (2023-2024)<\/li>\n\n\n\n<li><a href=\"https:\/\/capacity4dev.europa.eu\/projects\/desira_en?page=38\"><strong>DeSIRA INNOVACC<\/strong><\/a> (2022-2025)<\/li>\n\n\n\n<li><strong><a href=\"https:\/\/accwa.isardsat.space\/\">H2020 ACCWA<\/a><\/strong> (2019-2021) : Accounting for Climate Change in Water and Agriculture management<\/li>\n\n\n\n<li><strong><a href=\"http:\/\/www.agmip.org\/maize\/\">AgMip Maize team<\/a> &amp; <a href=\"http:\/\/www.agmip.org\/sorghum-millet-pilot\/\">AgMip Sorghum\/Pearl-Millet team<\/a><\/strong> (2011-2020) : Agricultural Model Intercomparison and Improvement Project : \u00e9quipe Sorgho\/Mil (Afrique de l&rsquo;Ouest) et \u00e9quipe Ma\u00efs (USA, Europe, Br\u00e9sil, Afrique : comparaisons de situations\/sites contrast\u00e9es, focus sur l&rsquo;\u00e9vaporation et la transpiration, impact du CO2, situations de faible fertilit\u00e9)<\/li>\n\n\n\n<li><strong><a href=\"https:\/\/www.nitidae.org\/en\/actions\/laurel-planification-territoriale-pour-ameliorer-la-resilience-des-paysages-au-mozambique\">WB LAUREL<\/a><\/strong> (2017-2019) : Land Use Planning for Enhanced Resilience of Landscapes, Mozambique<\/li>\n\n\n\n<li><strong><a href=\"http:\/\/www.lisa.u-pec.fr\/fr\/cycle-de-laerosol-desertique\/103-actualites\/1223-reunion-de-cloture-projet-anr-caviars\">ANR CAVIARS<\/a> <\/strong>(2013-2016) : Climate, Agriculture and Vegetation : Impacts on Aeolian ERosion in Sahel<\/li>\n\n\n\n<li><a href=\"http:\/\/www.locean-ipsl.upmc.fr\/~ESCAPE\/\"><strong>ESCAPE<\/strong><\/a> (2011-2014) : Environmental and Social Changes in Africa: Past, present and futurE<\/li>\n\n\n\n<li><a href=\"http:\/\/www.gisclimat.fr\/projet\/regyna\/\"><strong>REGYNA<\/strong><\/a> (2008-2011) : R\u00e9gionalisation des pr\u00e9cipitations et impacts hydrologiques et agronomiques<\/li>\n\n\n\n<li><a href=\"http:\/\/benin.ird.fr\/les-activites\/la-recherche\/projets-variabilite-climatique\/paapces\" data-type=\"link\" data-id=\"benin.ird.fr\/les-activites\/la-recherche\/projets-variabilite-climatique\/paapces\"><strong>PAAPCES RIPIECSA<\/strong><\/a> (2008-2011) : Perceptions, adaptations et accompagnements des populations face aux changements climatiques et sociaux<\/li>\n\n\n\n<li><a href=\"http:\/\/medias.obs-mip.fr\/amma\/\"><strong>Projet europ\u00e9en AMMA<\/strong><\/a> (2005-2009) : Analyses Multidisciplinaires de la Mousson Africaine<\/li>\n\n\n\n<li><a href=\"http:\/\/www.ugamp.nerc.ac.uk\/promise\"><strong>Projet europ\u00e9en PROMISE<\/strong><\/a> (2000-2003) : predictability and variability of monsoons and the agricultural and hydrological impact of climate change, <\/li>\n<\/ul>\n","protected":false},"excerpt":{"rendered":"<p>Cette page liste l&rsquo;ensemble des projets dans lesquels l&rsquo;UMR T\u00e9tis a \u00e9t\u00e9 impliqu\u00e9e pour son expertise en lien aux mod\u00e8les SARRA. Th\u00e9matique 1 : Suivi des cultures et pr\u00e9vision des rendements Probl\u00e9matique : Suivre l&rsquo;\u00e9tat des cultures et am\u00e9liorer les syst\u00e8mes de pr\u00e9visions des rendements Th\u00e9matique 2 : impact de la variabilit\u00e9 et du changement &#8230; <a title=\"Projets\" class=\"read-more\" href=\"https:\/\/sarra-h.teledetection.fr\/?page_id=21\" aria-label=\"En savoir plus sur Projets\">Lire la suite<\/a><\/p>\n","protected":false},"author":2,"featured_media":0,"parent":0,"menu_order":0,"comment_status":"closed","ping_status":"closed","template":"","meta":{"footnotes":""},"class_list":["post-21","page","type-page","status-publish"],"_links":{"self":[{"href":"https:\/\/sarra-h.teledetection.fr\/index.php?rest_route=\/wp\/v2\/pages\/21","targetHints":{"allow":["GET"]}}],"collection":[{"href":"https:\/\/sarra-h.teledetection.fr\/index.php?rest_route=\/wp\/v2\/pages"}],"about":[{"href":"https:\/\/sarra-h.teledetection.fr\/index.php?rest_route=\/wp\/v2\/types\/page"}],"author":[{"embeddable":true,"href":"https:\/\/sarra-h.teledetection.fr\/index.php?rest_route=\/wp\/v2\/users\/2"}],"replies":[{"embeddable":true,"href":"https:\/\/sarra-h.teledetection.fr\/index.php?rest_route=%2Fwp%2Fv2%2Fcomments&post=21"}],"version-history":[{"count":5,"href":"https:\/\/sarra-h.teledetection.fr\/index.php?rest_route=\/wp\/v2\/pages\/21\/revisions"}],"predecessor-version":[{"id":229,"href":"https:\/\/sarra-h.teledetection.fr\/index.php?rest_route=\/wp\/v2\/pages\/21\/revisions\/229"}],"wp:attachment":[{"href":"https:\/\/sarra-h.teledetection.fr\/index.php?rest_route=%2Fwp%2Fv2%2Fmedia&parent=21"}],"curies":[{"name":"wp","href":"https:\/\/api.w.org\/{rel}","templated":true}]}}