{"id":17,"date":"2022-08-05T10:16:22","date_gmt":"2022-08-05T08:16:22","guid":{"rendered":"https:\/\/sarra-h-dev.teledetection.fr\/?page_id=17"},"modified":"2024-02-05T16:51:54","modified_gmt":"2024-02-05T15:51:54","slug":"partenariats","status":"publish","type":"page","link":"https:\/\/sarra-h.teledetection.fr\/?page_id=17","title":{"rendered":"Partenariats"},"content":{"rendered":"\n<p>Partenariats et interlocuteurs principaux<\/p>\n\n\n\n<div id=\"ez-toc-container\" class=\"ez-toc-v2_0_75 counter-hierarchy ez-toc-counter ez-toc-grey ez-toc-container-direction\">\n<div class=\"ez-toc-title-container\">\n<p class=\"ez-toc-title\" style=\"cursor:inherit\">Table of Contents<\/p>\n<span class=\"ez-toc-title-toggle\"><a href=\"#\" class=\"ez-toc-pull-right ez-toc-btn ez-toc-btn-xs ez-toc-btn-default ez-toc-toggle\" aria-label=\"Toggle Table of Content\"><span class=\"ez-toc-js-icon-con\"><span class=\"\"><span class=\"eztoc-hide\" style=\"display:none;\">Toggle<\/span><span class=\"ez-toc-icon-toggle-span\"><svg style=\"fill: #999;color:#999\" xmlns=\"http:\/\/www.w3.org\/2000\/svg\" class=\"list-377408\" width=\"20px\" height=\"20px\" viewBox=\"0 0 24 24\" fill=\"none\"><path d=\"M6 6H4v2h2V6zm14 0H8v2h12V6zM4 11h2v2H4v-2zm16 0H8v2h12v-2zM4 16h2v2H4v-2zm16 0H8v2h12v-2z\" fill=\"currentColor\"><\/path><\/svg><svg style=\"fill: #999;color:#999\" class=\"arrow-unsorted-368013\" xmlns=\"http:\/\/www.w3.org\/2000\/svg\" width=\"10px\" height=\"10px\" viewBox=\"0 0 24 24\" version=\"1.2\" baseProfile=\"tiny\"><path d=\"M18.2 9.3l-6.2-6.3-6.2 6.3c-.2.2-.3.4-.3.7s.1.5.3.7c.2.2.4.3.7.3h11c.3 0 .5-.1.7-.3.2-.2.3-.5.3-.7s-.1-.5-.3-.7zM5.8 14.7l6.2 6.3 6.2-6.3c.2-.2.3-.5.3-.7s-.1-.5-.3-.7c-.2-.2-.4-.3-.7-.3h-11c-.3 0-.5.1-.7.3-.2.2-.3.5-.3.7s.1.5.3.7z\"\/><\/svg><\/span><\/span><\/span><\/a><\/span><\/div>\n<nav><ul class='ez-toc-list ez-toc-list-level-1 ' ><li class='ez-toc-page-1 ez-toc-heading-level-3'><a class=\"ez-toc-link ez-toc-heading-1\" href=\"https:\/\/sarra-h.teledetection.fr\/?page_id=17\/#Afrique_de_lOuest\" >Afrique de l&rsquo;Ouest<\/a><\/li><li class='ez-toc-page-1 ez-toc-heading-level-3'><a class=\"ez-toc-link ez-toc-heading-2\" href=\"https:\/\/sarra-h.teledetection.fr\/?page_id=17\/#Bresil\" >Br\u00e9sil<\/a><\/li><li class='ez-toc-page-1 ez-toc-heading-level-3'><a class=\"ez-toc-link ez-toc-heading-3\" href=\"https:\/\/sarra-h.teledetection.fr\/?page_id=17\/#France\" >France<\/a><\/li><li class='ez-toc-page-1 ez-toc-heading-level-3'><a class=\"ez-toc-link ez-toc-heading-4\" href=\"https:\/\/sarra-h.teledetection.fr\/?page_id=17\/#Reseaux\" >R\u00e9seaux<\/a><\/li><\/ul><\/nav><\/div>\n<h3 class=\"wp-block-heading\"><span class=\"ez-toc-section\" id=\"Afrique_de_lOuest\"><\/span>Afrique de l&rsquo;Ouest<span class=\"ez-toc-section-end\"><\/span><\/h3>\n\n\n\n<ul class=\"wp-block-list\">\n<li><strong><a href=\"http:\/\/www.agrhymet.ne\">Centre R\u00e9gional AGRHYMET<\/a><\/strong> (Niger, Seydou Traor\u00e9)<\/li>\n\n\n\n<li><strong>Centres de recherche agronomique nationa<\/strong>ux :\n<ul class=\"wp-block-list\">\n<li><a href=\"https:\/\/ceraas.org\/\">CERAAS <\/a>(S\u00e9n\u00e9gal, Benoit Sarr (parti \u00e0 l&rsquo;AGRHYMET))<\/li>\n\n\n\n<li><a href=\"http:\/\/www.ier.gouv.ml\/\">IER <\/a>(Mali, Mamoutou Kouressy)<\/li>\n\n\n\n<li><a href=\"http:\/\/www.inera.bf\">INERA <\/a>(Burkina, L\u00e9opold Som\u00e9)<\/li>\n<\/ul>\n<\/li>\n<\/ul>\n\n\n\n<h3 class=\"wp-block-heading\"><span class=\"ez-toc-section\" id=\"Bresil\"><\/span>Br\u00e9sil<span class=\"ez-toc-section-end\"><\/span><\/h3>\n\n\n\n<ul class=\"wp-block-list\">\n<li><a href=\"http:\/\/www.cpac.embrapa.br\" data-type=\"link\" data-id=\"www.cpac.embrapa.br\">Embrapa <\/a>Cerrados, Brasilia (Fernando Macena)<\/li>\n\n\n\n<li><a href=\"http:\/\/www.cpac.embrapa.br\" data-type=\"link\" data-id=\"www.cpac.embrapa.br\">Embrapa <\/a>Soils, Rio (Margareth Simoes)<\/li>\n<\/ul>\n\n\n\n<h3 class=\"wp-block-heading\"><span class=\"ez-toc-section\" id=\"France\"><\/span>France<span class=\"ez-toc-section-end\"><\/span><\/h3>\n\n\n\n<ul class=\"wp-block-list\">\n<li>CNRS-<a href=\"http:\/\/www.cerege.fr\/?id_rubrique=2&amp;masque=inc-cerege\" data-type=\"link\" data-id=\"www.cerege.fr\/?id_rubrique=2&amp;masque=inc-cerege\">CEREGE UM 34<\/a> (Vincent Moron)<\/li>\n\n\n\n<li><a href=\"http:\/\/www.u-bourgogne.fr\/climatologie\" data-type=\"link\" data-id=\"www.u-bourgogne.fr\/climatologie\">CRC <\/a>(Pierre Camberlain)<\/li>\n\n\n\n<li><a href=\"http:\/\/www.locean-ipsl.upmc.fr\/\">IRD-LOCEAN<\/a> (Benjamin Sultan)<\/li>\n\n\n\n<li><a href=\"https:\/\/www.lirmm.fr\/\" data-type=\"link\" data-id=\"https:\/\/www.lirmm.fr\/\">LIRMM <\/a>(Philippe Reitz)<\/li>\n<\/ul>\n\n\n\n<h3 class=\"wp-block-heading\"><span class=\"ez-toc-section\" id=\"Reseaux\"><\/span>R\u00e9seaux<span class=\"ez-toc-section-end\"><\/span><\/h3>\n\n\n\n<ul class=\"wp-block-list\">\n<li><a href=\"https:\/\/www.cirad.fr\/actualites\/toutes-les-actualites\/articles\/2012\/institutionnel\/lancement-dispositif-de-recherche-et-d-enseignement-en-partenariat-sisto\" data-type=\"link\" data-id=\"https:\/\/www.cirad.fr\/actualites\/toutes-les-actualites\/articles\/2012\/institutionnel\/lancement-dispositif-de-recherche-et-d-enseignement-en-partenariat-sisto\">SISTO <\/a>(Afrique de l&rsquo;Ouest, Philippe Morant, Cirad)<\/li>\n\n\n\n<li>R\u00e9seau d&rsquo;experts AMMA2 (France, Serge Janicot, IRD-LOCEAN)<\/li>\n\n\n\n<li>AGMIP (International, Jean Louis Durant, INRA) : <a href=\"http:\/\/www.agmip.org\/maize\/\">AgMip Maize team<\/a> &amp; <a href=\"http:\/\/www.agmip.org\/sorghum-millet-pilot\/\">AgMip Sorghum\/Pearl-Millet team<\/a><\/li>\n<\/ul>\n","protected":false},"excerpt":{"rendered":"<p>Partenariats et interlocuteurs principaux Afrique de l&rsquo;Ouest Br\u00e9sil France R\u00e9seaux<\/p>\n","protected":false},"author":2,"featured_media":0,"parent":0,"menu_order":0,"comment_status":"closed","ping_status":"closed","template":"","meta":{"footnotes":""},"class_list":["post-17","page","type-page","status-publish"],"_links":{"self":[{"href":"https:\/\/sarra-h.teledetection.fr\/index.php?rest_route=\/wp\/v2\/pages\/17","targetHints":{"allow":["GET"]}}],"collection":[{"href":"https:\/\/sarra-h.teledetection.fr\/index.php?rest_route=\/wp\/v2\/pages"}],"about":[{"href":"https:\/\/sarra-h.teledetection.fr\/index.php?rest_route=\/wp\/v2\/types\/page"}],"author":[{"embeddable":true,"href":"https:\/\/sarra-h.teledetection.fr\/index.php?rest_route=\/wp\/v2\/users\/2"}],"replies":[{"embeddable":true,"href":"https:\/\/sarra-h.teledetection.fr\/index.php?rest_route=%2Fwp%2Fv2%2Fcomments&post=17"}],"version-history":[{"count":2,"href":"https:\/\/sarra-h.teledetection.fr\/index.php?rest_route=\/wp\/v2\/pages\/17\/revisions"}],"predecessor-version":[{"id":231,"href":"https:\/\/sarra-h.teledetection.fr\/index.php?rest_route=\/wp\/v2\/pages\/17\/revisions\/231"}],"wp:attachment":[{"href":"https:\/\/sarra-h.teledetection.fr\/index.php?rest_route=%2Fwp%2Fv2%2Fmedia&parent=17"}],"curies":[{"name":"wp","href":"https:\/\/api.w.org\/{rel}","templated":true}]}}